{"id":892,"date":"2024-06-04T17:13:36","date_gmt":"2024-06-04T17:13:36","guid":{"rendered":"https:\/\/cestpassigrave.fr\/?page_id=892"},"modified":"2025-08-11T18:13:56","modified_gmt":"2025-08-11T18:13:56","slug":"elementor-892","status":"publish","type":"page","link":"https:\/\/cestpassigrave.fr\/?page_id=892","title":{"rendered":"H\u00e9riti\u00e8res"},"content":{"rendered":"\t\t<div data-elementor-type=\"wp-page\" data-elementor-id=\"892\" class=\"elementor elementor-892\">\n\t\t\t\t<div class=\"elementor-element elementor-element-f05645d e-flex e-con-boxed e-con e-parent\" data-id=\"f05645d\" data-element_type=\"container\">\n\t\t\t\t\t<div class=\"e-con-inner\">\n\t\t<div class=\"elementor-element elementor-element-b4d0d3e e-con-full e-flex e-con e-child\" data-id=\"b4d0d3e\" data-element_type=\"container\">\n\t\t\t\t<div class=\"elementor-element elementor-element-1e6d676 elementor-widget-divider--view-line elementor-widget elementor-widget-divider\" data-id=\"1e6d676\" data-element_type=\"widget\" data-widget_type=\"divider.default\">\n\t\t\t\t<div class=\"elementor-widget-container\">\n\t\t\t\t\t\t\t<div class=\"elementor-divider\">\n\t\t\t<span class=\"elementor-divider-separator\">\n\t\t\t\t\t\t<\/span>\n\t\t<\/div>\n\t\t\t\t\t\t<\/div>\n\t\t\t\t<\/div>\n\t\t\t\t<div class=\"elementor-element elementor-element-fc1d895 elementor-widget elementor-widget-text-editor\" data-id=\"fc1d895\" data-element_type=\"widget\" data-widget_type=\"text-editor.default\">\n\t\t\t\t<div class=\"elementor-widget-container\">\n\t\t\t\t\t\t\t\t\t<p><a href=\"#notelelautrice\">Note d&rsquo;intention<\/a><\/p>\t\t\t\t\t\t\t\t<\/div>\n\t\t\t\t<\/div>\n\t\t\t\t<div class=\"elementor-element elementor-element-0827600 elementor-widget elementor-widget-text-editor\" data-id=\"0827600\" data-element_type=\"widget\" data-widget_type=\"text-editor.default\">\n\t\t\t\t<div class=\"elementor-widget-container\">\n\t\t\t\t\t\t\t\t\t<p><a href=\"#lequipeartistique\">L&rsquo;\u00e9quipe artistique<\/a><\/p>\t\t\t\t\t\t\t\t<\/div>\n\t\t\t\t<\/div>\n\t\t\t\t<div class=\"elementor-element elementor-element-b36edde elementor-widget elementor-widget-text-editor\" data-id=\"b36edde\" data-element_type=\"widget\" data-widget_type=\"text-editor.default\">\n\t\t\t\t<div class=\"elementor-widget-container\">\n\t\t\t\t\t\t\t\t\t<p><a href=\"https:\/\/www.canva.com\/design\/DAGcdybWVIs\/iWJm74StgLMroSfCZY0j0Q\/edit?utm_content=DAGcdybWVIs&amp;utm_campaign=designshare&amp;utm_medium=link2&amp;utm_source=sharebutton\">Dossier de production<\/a><\/p>\t\t\t\t\t\t\t\t<\/div>\n\t\t\t\t<\/div>\n\t\t\t\t<\/div>\n\t\t<div class=\"elementor-element elementor-element-61662e4 e-con-full e-flex e-con e-child\" data-id=\"61662e4\" data-element_type=\"container\">\n\t\t\t\t<div class=\"elementor-element elementor-element-8384f66 elementor-widget elementor-widget-spacer\" data-id=\"8384f66\" data-element_type=\"widget\" data-widget_type=\"spacer.default\">\n\t\t\t\t<div class=\"elementor-widget-container\">\n\t\t\t\t\t\t\t<div class=\"elementor-spacer\">\n\t\t\t<div class=\"elementor-spacer-inner\"><\/div>\n\t\t<\/div>\n\t\t\t\t\t\t<\/div>\n\t\t\t\t<\/div>\n\t\t\t\t<div class=\"elementor-element elementor-element-1918548 elementor-widget__width-initial elementor-widget elementor-widget-image\" data-id=\"1918548\" data-element_type=\"widget\" data-widget_type=\"image.default\">\n\t\t\t\t<div class=\"elementor-widget-container\">\n\t\t\t\t\t\t\t\t\t\t\t\t\t\t\t<img fetchpriority=\"high\" decoding=\"async\" width=\"724\" height=\"1024\" src=\"https:\/\/cestpassigrave.fr\/wp-content\/uploads\/2024\/06\/Heritieres-1-724x1024.jpg\" class=\"attachment-large size-large wp-image-900\" alt=\"\" srcset=\"https:\/\/cestpassigrave.fr\/wp-content\/uploads\/2024\/06\/Heritieres-1-724x1024.jpg 724w, https:\/\/cestpassigrave.fr\/wp-content\/uploads\/2024\/06\/Heritieres-1-212x300.jpg 212w, https:\/\/cestpassigrave.fr\/wp-content\/uploads\/2024\/06\/Heritieres-1-768x1086.jpg 768w, https:\/\/cestpassigrave.fr\/wp-content\/uploads\/2024\/06\/Heritieres-1-1086x1536.jpg 1086w, https:\/\/cestpassigrave.fr\/wp-content\/uploads\/2024\/06\/Heritieres-1-1448x2048.jpg 1448w, https:\/\/cestpassigrave.fr\/wp-content\/uploads\/2024\/06\/Heritieres-1-scaled.jpg 1810w\" sizes=\"(max-width: 724px) 100vw, 724px\" \/>\t\t\t\t\t\t\t\t\t\t\t\t\t\t\t<\/div>\n\t\t\t\t<\/div>\n\t\t\t\t<\/div>\n\t\t<div class=\"elementor-element elementor-element-df9f801 e-con-full e-flex e-con e-child\" data-id=\"df9f801\" data-element_type=\"container\">\n\t\t\t\t<div class=\"elementor-element elementor-element-83199c4 elementor-widget elementor-widget-heading\" data-id=\"83199c4\" data-element_type=\"widget\" data-widget_type=\"heading.default\">\n\t\t\t\t<div class=\"elementor-widget-container\">\n\t\t\t\t\t<h2 class=\"elementor-heading-title elementor-size-default\">H\u00e9riti\u00e8res<\/h2>\t\t\t\t<\/div>\n\t\t\t\t<\/div>\n\t\t\t\t<div class=\"elementor-element elementor-element-a7afae9 elementor-widget elementor-widget-text-editor\" data-id=\"a7afae9\" data-element_type=\"widget\" data-widget_type=\"text-editor.default\">\n\t\t\t\t<div class=\"elementor-widget-container\">\n\t\t\t\t\t\t\t\t\t<p>Le pitch<\/p><p>Jeanne, romanci\u00e8re en perte de confiance, en proie a un pass\u00e9 douloureux accepte \u00e0 contre coeur, un projet d\u2019\u00e9criture autour d&rsquo;une femme condamn\u00e9e pour sorcellerie en 1772.<br \/>Contrainte par son \u00e9diteur et ami Hector, elle plonge dans une enqu\u00eate bouleversante aux c\u00f4t\u00e9s d&rsquo;Ana, jeune journaliste f\u00e9ministe. Ensemble, elles exhument la v\u00e9rit\u00e9 sur un proc\u00e8s inique et misogyne, r\u00e9v\u00e9lant les failles de l&rsquo;histoire de la chasse aux sorci\u00e8res, et r\u00e9sonnant avec les d\u00e9mons int\u00e9rieurs de Jeanne jusqu\u2019\u00e0 briser son amn\u00e9sie traumatique.<br \/>Une qu\u00eate en r\u00e9habilitation de la dignit\u00e9 des femmes qui met \u00e0 l\u2019\u00e9preuve les amiti\u00e9s et r\u00e9v\u00e8le des v\u00e9rit\u00e9s enfouies.<\/p>\t\t\t\t\t\t\t\t<\/div>\n\t\t\t\t<\/div>\n\t\t\t\t<\/div>\n\t\t\t\t\t<\/div>\n\t\t\t\t<\/div>\n\t\t<div class=\"elementor-element elementor-element-b0c398f e-con-full e-flex e-con e-parent\" data-id=\"b0c398f\" data-element_type=\"container\">\n\t\t\t\t<div class=\"elementor-element elementor-element-5ea5469 elementor-widget elementor-widget-menu-anchor\" data-id=\"5ea5469\" data-element_type=\"widget\" data-widget_type=\"menu-anchor.default\">\n\t\t\t\t<div class=\"elementor-widget-container\">\n\t\t\t\t\t\t\t<div class=\"elementor-menu-anchor\" id=\"notelelautrice\"><\/div>\n\t\t\t\t\t\t<\/div>\n\t\t\t\t<\/div>\n\t\t\t\t<div class=\"elementor-element elementor-element-4e7cc85 elementor-widget elementor-widget-heading\" data-id=\"4e7cc85\" data-element_type=\"widget\" data-widget_type=\"heading.default\">\n\t\t\t\t<div class=\"elementor-widget-container\">\n\t\t\t\t\t<h2 class=\"elementor-heading-title elementor-size-default\">La note de l'autrice<\/h2>\t\t\t\t<\/div>\n\t\t\t\t<\/div>\n\t\t\t\t<div class=\"elementor-element elementor-element-d7224ea elementor-widget elementor-widget-menu-anchor\" data-id=\"d7224ea\" data-element_type=\"widget\" data-widget_type=\"menu-anchor.default\">\n\t\t\t\t<div class=\"elementor-widget-container\">\n\t\t\t\t\t\t\t<div class=\"elementor-menu-anchor\" id=\"lequipeartistique\"><\/div>\n\t\t\t\t\t\t<\/div>\n\t\t\t\t<\/div>\n\t\t\t\t<div class=\"elementor-element elementor-element-a4e5774 elementor-widget elementor-widget-text-editor\" data-id=\"a4e5774\" data-element_type=\"widget\" data-widget_type=\"text-editor.default\">\n\t\t\t\t<div class=\"elementor-widget-container\">\n\t\t\t\t\t\t\t\t\t<p>A l\u2019origine de ce projet d\u2019\u00e9criture, il y a l\u2019envie de me plonger au c\u0153ur d&rsquo;une r\u00e9flexion sur les violences faites aux femmes et de leur h\u00e9ritage culturel.<br \/>Sans \u00eatre victime personnellement de ces violences, je ressentais le besoin d\u2019interroger cet h\u00e9ritage qui nous pousse depuis des si\u00e8cles, \u00e0 consid\u00e9rer les femmes comme des \u00eatres discrets, fragiles et modestes en opposition aux individus bruyants, forts et ambitieux que doivent \u00eatre les hommes.<br \/><span style=\"font-family: var( --e-global-typography-text-font-family ), Sans-serif; font-weight: var( --e-global-typography-text-font-weight ); text-align: var(--text-align);\">Et si l\u2019ombre des b\u00fbchers des sorci\u00e8res planait encore au-dessus de nos t\u00eates \u00e0 toutes, au point de pousser certaines d&rsquo;entre nous \u00e0 tol\u00e9rer encore l&rsquo;inacceptable, et \u00e0 payer de leur vie cette injonction \u00e0 demeurer dociles.<br \/><\/span><span style=\"font-family: var( --e-global-typography-text-font-family ), Sans-serif; font-weight: var( --e-global-typography-text-font-weight ); text-align: var(--text-align);\">Alors j\u2019ai voulu mettre en lumi\u00e8re le lien entre les condamnations en sorcellerie et les f\u00e9minicides contemporains, interroger les normes sociales et les structures de pouvoir qui perp\u00e9tuent l&rsquo;oppression des femmes depuis toujours.<br \/><br \/><\/span><span style=\"font-family: var( --e-global-typography-text-font-family ), Sans-serif; font-weight: var( --e-global-typography-text-font-weight ); text-align: var(--text-align);\">Le processus d\u2019\u00e9criture f\u00fbt assez long, et m\u00eame ce qui me paraissait anecdotique, s\u2019est av\u00e9r\u00e9 plut\u00f4t laborieux, comme par exemple le choix des patronymes des personnages. Ainsi, dans un premier temps, ils ne portaient que des noms choisis au hasard sur un calendrier.<br \/><\/span><span style=\"font-family: var( --e-global-typography-text-font-family ), Sans-serif; font-weight: var( --e-global-typography-text-font-weight ); text-align: var(--text-align);\">Puis en participant \u00e0 un laboratoire d\u2019auteurices, on m\u2019a demand\u00e9 de fixer les noms des personnages, sans r\u00e9fl\u00e9chir, de fa\u00e7on instinctive&#8230; Press\u00e9e par cette contrainte, j\u2019ai finalement r\u00e9ussi \u00e0 nommer mes personnages. Quelques temps plus tard, j\u2019ai r\u00e9alis\u00e9 dans un grand trouble, que cette histoire \u00e9tait aussi la mienne : j\u2019avais baptis\u00e9 mon personnage principal Jeanne Bertoli : ma grand-m\u00e8re s\u2019appelle Berthet et mon p\u00e8re Jean.<br \/><\/span><span style=\"font-family: var( --e-global-typography-text-font-family ), Sans-serif; font-weight: var( --e-global-typography-text-font-weight ); text-align: var(--text-align);\">Elle aussi s\u2019est enfuie de chez elle, \u00e0 pied, avec six enfants (dont mon p\u00e8re) \u00e2g\u00e9s de un \u00e0 huit ans. On est en 1937 en rase campagne, sous la neige.<br \/><\/span><span style=\"font-family: var( --e-global-typography-text-font-family ), Sans-serif; font-weight: var( --e-global-typography-text-font-weight ); text-align: var(--text-align);\">Son mari la retrouve le lendemain et la ram\u00e8ne chez eux\u2026 c\u2019est tout ce que je sais, je ne l\u2019ai pas connu\u2026 elle aura huit autres enfants et meurt \u00e0 64 ans!<br \/><br \/><\/span>L\u2019\u00e9criture de cette pi\u00e8ce \u00e9tait laborieuse, pr\u00e9cis\u00e9ment parce qu\u2019elle venait toucher le coeur du sujet de l\u2019h\u00e9ritage traumatique! D\u00e8s le d\u00e9but, j\u2019\u00e9tais confront\u00e9e \u00e0 des questionnements autour de ma propre histoire, autour des stigmates d\u2019un pass\u00e9 familial dont je n\u2019avais pas conscience, venues me hanter jusqu\u2019au bout de mon clavier.<\/p><p>H\u00e9riti\u00e8res explore les th\u00e8mes de la r\u00e9silience f\u00e9minine et de la qu\u00eate d&rsquo;identit\u00e9 dans un monde marqu\u00e9 par l&rsquo;injustice et la violence. <br \/>J\u2019esp\u00e8re que ce texte suscitera la r\u00e9flexion et ouvrira un espace de dialogue, en offrant au public un regard intime et poignant sur les luttes et les espoirs des femmes \u00e0 travers les \u00e2ges.<\/p><p><span style=\"font-family: var( --e-global-typography-text-font-family ), Sans-serif; font-weight: var( --e-global-typography-text-font-weight ); text-align: var(--text-align);\">\u00a0<\/span><\/p><div>\u00a0<\/div>\t\t\t\t\t\t\t\t<\/div>\n\t\t\t\t<\/div>\n\t\t\t\t<div class=\"elementor-element elementor-element-4175de7 elementor-widget elementor-widget-heading\" data-id=\"4175de7\" data-element_type=\"widget\" data-widget_type=\"heading.default\">\n\t\t\t\t<div class=\"elementor-widget-container\">\n\t\t\t\t\t<h2 class=\"elementor-heading-title elementor-size-default\">L'\u00e9quipe artistique<\/h2>\t\t\t\t<\/div>\n\t\t\t\t<\/div>\n\t\t<div class=\"elementor-element elementor-element-04e7dbd e-grid e-con-boxed e-con e-child\" data-id=\"04e7dbd\" data-element_type=\"container\">\n\t\t\t\t\t<div class=\"e-con-inner\">\n\t\t\t\t<div class=\"elementor-element elementor-element-8f966a9 elementor-widget elementor-widget-text-editor\" data-id=\"8f966a9\" data-element_type=\"widget\" data-widget_type=\"text-editor.default\">\n\t\t\t\t<div class=\"elementor-widget-container\">\n\t\t\t\t\t\t\t\t\t<p style=\"text-align: center;\">Interpr\u00e8tes :<\/p><p style=\"text-align: center;\">Sandrine Moualigou<br \/>Christine Laville<br \/>Garance Teillet<br \/>Julien Jacob<\/p>\t\t\t\t\t\t\t\t<\/div>\n\t\t\t\t<\/div>\n\t\t\t\t<div class=\"elementor-element elementor-element-7fce339 elementor-widget elementor-widget-text-editor\" data-id=\"7fce339\" data-element_type=\"widget\" data-widget_type=\"text-editor.default\">\n\t\t\t\t<div class=\"elementor-widget-container\">\n\t\t\t\t\t\t\t\t\t<p style=\"text-align: center;\">Mise en sc\u00e8ne :\u00a0<br \/><br \/><br \/>Isabelle Loisy<\/p>\t\t\t\t\t\t\t\t<\/div>\n\t\t\t\t<\/div>\n\t\t\t\t<div class=\"elementor-element elementor-element-e56796e elementor-widget elementor-widget-text-editor\" data-id=\"e56796e\" data-element_type=\"widget\" data-widget_type=\"text-editor.default\">\n\t\t\t\t<div class=\"elementor-widget-container\">\n\t\t\t\t\t\t\t\t\t<p>Chor\u00e9graphie :\u00a0<br \/>Iris Mirnezami<\/p><p>Cr\u00e9ation musicale :\u00a0<br \/>R\u00e9mi Auclair<\/p><p>Cr\u00e9ation lumi\u00e8re :\u00a0<br \/>Bertrand Saunier<\/p>\t\t\t\t\t\t\t\t<\/div>\n\t\t\t\t<\/div>\n\t\t\t\t\t<\/div>\n\t\t\t\t<\/div>\n\t\t\t\t<\/div>\n\t\t\t\t<\/div>\n\t\t","protected":false},"excerpt":{"rendered":"<p>Note d&rsquo;intention L&rsquo;\u00e9quipe artistique Dossier de production H\u00e9riti\u00e8res Le pitch Jeanne, romanci\u00e8re en perte de confiance, en proie a un pass\u00e9 douloureux accepte \u00e0 contre coeur, un projet d\u2019\u00e9criture autour d&rsquo;une femme condamn\u00e9e pour sorcellerie en 1772.Contrainte par son \u00e9diteur et ami Hector, elle plonge dans une enqu\u00eate bouleversante aux c\u00f4t\u00e9s d&rsquo;Ana, jeune journaliste f\u00e9ministe. &#8230; <a title=\"H\u00e9riti\u00e8res\" class=\"read-more\" href=\"https:\/\/cestpassigrave.fr\/?page_id=892\">Read more<span class=\"screen-reader-text\">H\u00e9riti\u00e8res<\/span><\/a><\/p>\n","protected":false},"author":1,"featured_media":0,"parent":0,"menu_order":0,"comment_status":"closed","ping_status":"closed","template":"","meta":{"ngg_post_thumbnail":0,"footnotes":""},"class_list":["post-892","page","type-page","status-publish"],"_links":{"self":[{"href":"https:\/\/cestpassigrave.fr\/index.php?rest_route=\/wp\/v2\/pages\/892","targetHints":{"allow":["GET"]}}],"collection":[{"href":"https:\/\/cestpassigrave.fr\/index.php?rest_route=\/wp\/v2\/pages"}],"about":[{"href":"https:\/\/cestpassigrave.fr\/index.php?rest_route=\/wp\/v2\/types\/page"}],"author":[{"embeddable":true,"href":"https:\/\/cestpassigrave.fr\/index.php?rest_route=\/wp\/v2\/users\/1"}],"replies":[{"embeddable":true,"href":"https:\/\/cestpassigrave.fr\/index.php?rest_route=%2Fwp%2Fv2%2Fcomments&post=892"}],"version-history":[{"count":56,"href":"https:\/\/cestpassigrave.fr\/index.php?rest_route=\/wp\/v2\/pages\/892\/revisions"}],"predecessor-version":[{"id":982,"href":"https:\/\/cestpassigrave.fr\/index.php?rest_route=\/wp\/v2\/pages\/892\/revisions\/982"}],"wp:attachment":[{"href":"https:\/\/cestpassigrave.fr\/index.php?rest_route=%2Fwp%2Fv2%2Fmedia&parent=892"}],"curies":[{"name":"wp","href":"https:\/\/api.w.org\/{rel}","templated":true}]}}