{"id":815,"date":"2023-03-14T17:19:26","date_gmt":"2023-03-14T17:19:26","guid":{"rendered":"https:\/\/cestpassigrave.fr\/?page_id=815"},"modified":"2023-03-14T17:34:03","modified_gmt":"2023-03-14T17:34:03","slug":"indomptable-sarah","status":"publish","type":"page","link":"https:\/\/cestpassigrave.fr\/?page_id=815","title":{"rendered":"Indomptable Sarah"},"content":{"rendered":"\t\t<div data-elementor-type=\"wp-page\" data-elementor-id=\"815\" class=\"elementor elementor-815\">\n\t\t\t\t\t\t<section class=\"elementor-section elementor-top-section elementor-element elementor-element-76c9ee2 elementor-section-boxed elementor-section-height-default elementor-section-height-default\" data-id=\"76c9ee2\" data-element_type=\"section\">\n\t\t\t\t\t\t<div class=\"elementor-container elementor-column-gap-default\">\n\t\t\t\t\t<div class=\"elementor-column elementor-col-33 elementor-top-column elementor-element elementor-element-bd70580\" data-id=\"bd70580\" data-element_type=\"column\">\n\t\t\t<div class=\"elementor-widget-wrap elementor-element-populated\">\n\t\t\t\t\t\t<div class=\"elementor-element elementor-element-633434e elementor-widget elementor-widget-spacer\" data-id=\"633434e\" data-element_type=\"widget\" data-widget_type=\"spacer.default\">\n\t\t\t\t<div class=\"elementor-widget-container\">\n\t\t\t\t\t\t\t<div class=\"elementor-spacer\">\n\t\t\t<div class=\"elementor-spacer-inner\"><\/div>\n\t\t<\/div>\n\t\t\t\t\t\t<\/div>\n\t\t\t\t<\/div>\n\t\t\t\t<div class=\"elementor-element elementor-element-55663e1 elementor-widget elementor-widget-text-editor\" data-id=\"55663e1\" data-element_type=\"widget\" data-widget_type=\"text-editor.default\">\n\t\t\t\t<div class=\"elementor-widget-container\">\n\t\t\t\t\t\t\t\t\t<p>\u00a0<\/p><p style=\"text-align: center;\">Une pi\u00e8ce \u00e9crite par Isabelle Loisy<\/p><p>\u00a0<\/p><p style=\"text-align: center;\">Spectacle en cours de production<\/p>\t\t\t\t\t\t\t\t<\/div>\n\t\t\t\t<\/div>\n\t\t\t\t\t<\/div>\n\t\t<\/div>\n\t\t\t\t<div class=\"elementor-column elementor-col-33 elementor-top-column elementor-element elementor-element-be29a9d\" data-id=\"be29a9d\" data-element_type=\"column\">\n\t\t\t<div class=\"elementor-widget-wrap elementor-element-populated\">\n\t\t\t\t\t\t<div class=\"elementor-element elementor-element-a371b6b elementor-widget elementor-widget-image\" data-id=\"a371b6b\" data-element_type=\"widget\" data-widget_type=\"image.default\">\n\t\t\t\t<div class=\"elementor-widget-container\">\n\t\t\t\t\t\t\t\t\t\t\t\t\t\t\t<img fetchpriority=\"high\" decoding=\"async\" width=\"250\" height=\"344\" src=\"https:\/\/cestpassigrave.fr\/wp-content\/uploads\/2023\/03\/indomptable-sarah-isabelle-loisy-contemporain-theatre-texte-e1678814105560.jpg\" class=\"attachment-full size-full wp-image-810\" alt=\"\" srcset=\"https:\/\/cestpassigrave.fr\/wp-content\/uploads\/2023\/03\/indomptable-sarah-isabelle-loisy-contemporain-theatre-texte-e1678814105560.jpg 250w, https:\/\/cestpassigrave.fr\/wp-content\/uploads\/2023\/03\/indomptable-sarah-isabelle-loisy-contemporain-theatre-texte-e1678814105560-218x300.jpg 218w\" sizes=\"(max-width: 250px) 100vw, 250px\" \/>\t\t\t\t\t\t\t\t\t\t\t\t\t\t\t<\/div>\n\t\t\t\t<\/div>\n\t\t\t\t\t<\/div>\n\t\t<\/div>\n\t\t\t\t<div class=\"elementor-column elementor-col-33 elementor-top-column elementor-element elementor-element-77cf6d9\" data-id=\"77cf6d9\" data-element_type=\"column\">\n\t\t\t<div class=\"elementor-widget-wrap elementor-element-populated\">\n\t\t\t\t\t\t<div class=\"elementor-element elementor-element-3daed6b elementor-widget elementor-widget-heading\" data-id=\"3daed6b\" data-element_type=\"widget\" data-widget_type=\"heading.default\">\n\t\t\t\t<div class=\"elementor-widget-container\">\n\t\t\t\t\t<h2 class=\"elementor-heading-title elementor-size-default\">INDOMPTABLE SARAH\n<\/h2>\t\t\t\t<\/div>\n\t\t\t\t<\/div>\n\t\t\t\t<div class=\"elementor-element elementor-element-9de7c22 elementor-widget elementor-widget-text-editor\" data-id=\"9de7c22\" data-element_type=\"widget\" data-widget_type=\"text-editor.default\">\n\t\t\t\t<div class=\"elementor-widget-container\">\n\t\t\t\t\t\t\t\t\t<div dir=\"ltr\"><b>Le pitch<\/b><\/div><div dir=\"ltr\">\u00a0<\/div><div dir=\"ltr\"><div><div>A 28 ans, l\u2019ambition de Sarah Bernhardt est de devenir la com\u00e9dienne la plus c\u00e9l\u00e8bre du monde.<\/div><div>A la fin de l&rsquo;ann\u00e9e 1871, le th\u00e9\u00e2tre de l&rsquo;Od\u00e9on annonce la reprise de Ruy Blas, \u00e0 la faveur du retour d&rsquo;exil de Victor Hugo. Sarah en est certaine, cet \u00e9v\u00e8nement th\u00e9\u00e2tral la propulsera sur les chemins de la post\u00e9rit\u00e9, et elle veut tout mettre oeuvre pour obtenir le r\u00f4le de la Reine<\/div><div>d&rsquo;Espagne.<\/div><div>Mais la rencontre foudroyante avec Victor Hugo, les menaces de Juliette Drouet, farouche ma\u00eetresse du grand homme, et les promesses d\u2019abandon de ses fid\u00e8les admirateurs, pourraient lui co\u00fbter sa carri\u00e8re, sa libert\u00e9 artistique et finalement sa pr\u00e9cieuse ind\u00e9pendance!<\/div><\/div><\/div>\t\t\t\t\t\t\t\t<\/div>\n\t\t\t\t<\/div>\n\t\t\t\t\t<\/div>\n\t\t<\/div>\n\t\t\t\t\t<\/div>\n\t\t<\/section>\n\t\t\t\t<section class=\"elementor-section elementor-top-section elementor-element elementor-element-4f693cd elementor-section-boxed elementor-section-height-default elementor-section-height-default\" data-id=\"4f693cd\" data-element_type=\"section\">\n\t\t\t\t\t\t<div class=\"elementor-container elementor-column-gap-default\">\n\t\t\t\t\t<div class=\"elementor-column elementor-col-100 elementor-top-column elementor-element elementor-element-3d17222\" data-id=\"3d17222\" data-element_type=\"column\">\n\t\t\t<div class=\"elementor-widget-wrap elementor-element-populated\">\n\t\t\t\t\t\t<div class=\"elementor-element elementor-element-580faeb elementor-widget elementor-widget-heading\" data-id=\"580faeb\" data-element_type=\"widget\" data-widget_type=\"heading.default\">\n\t\t\t\t<div class=\"elementor-widget-container\">\n\t\t\t\t\t<h2 class=\"elementor-heading-title elementor-size-default\">La note de l'autrice<\/h2>\t\t\t\t<\/div>\n\t\t\t\t<\/div>\n\t\t\t\t<div class=\"elementor-element elementor-element-3f4fe99 elementor-widget elementor-widget-text-editor\" data-id=\"3f4fe99\" data-element_type=\"widget\" data-widget_type=\"text-editor.default\">\n\t\t\t\t<div class=\"elementor-widget-container\">\n\t\t\t\t\t\t\t\t\t<div dir=\"ltr\">J&rsquo;avais envie d&rsquo;\u00e9crire une pi\u00e8ce sur ses figures f\u00e9minines de la fin du XIX\u00e8me si\u00e8cle ou de la Belle Epoque, \u00e9prises de libert\u00e9 et d&rsquo;ind\u00e9pendance, pionni\u00e8res des mouvements d&rsquo;\u00e9mancipation des femmes.<\/div><div dir=\"ltr\"><div><p>Dans ma carri\u00e8re de com\u00e9dienne j&rsquo;ai eu la chance d&rsquo;incarner Sarah Bernhardt pour le mus\u00e9e Gr\u00e9vin, je me suis alors plong\u00e9e au c\u0153ur de ce personnage haut en couleur, et j&rsquo;ai d\u00e9couvert derri\u00e8re l&rsquo;image de la com\u00e9dienne excentrique et capricieuse, une femme audacieuse, sensible et terriblement libre. Une h\u00e9ro\u00efne en or\u00a0!!!<\/p><p>Dans son auto-biographie intitul\u00e9e \u00ab\u00a0Ma double vie\u00a0\u00bb elle \u00e9voque la rencontre avec Victor Hugo ; elle parle de l&rsquo;\u00e9v\u00e8nement qui s&rsquo;annonce avec la reprise de Ruy Blas \u00e0 l&rsquo;Od\u00e9on, de son d\u00e9sir irr\u00e9pressible de jouer la Reine d&rsquo;Espagne et surtout de sa fascination \u00ab\u00a0coupable\u00a0\u00bb pour le Grand Ma\u00eetre &#8211; \u00ab&#8230; pour un monstre, il \u00e9tait vraiment charmant&#8230; et si spirituel, et si fin, si galant\u00a0!\u00a0\u00bb<\/p><p>Quelques lignes plus loin, elle est convoqu\u00e9e pour une premi\u00e8re lecture par Victor Hugo en personne, et pour ne pas lui montrer sa grande f\u00e9brilit\u00e9 et sa totale disponibilit\u00e9 elle lui \u00e9crit ce fameux billet\u00a0:\u00a0<br \/>\u00ab\u00a0Monsieur, la Reine a pris froid et sa Camerata Mayor lui interdit de sortir. Vous connaissez, mieux que personne l&rsquo;\u00e9tiquette de cette cour d&rsquo;Espagne. Plaignez votre Reine, Monsieur.\u00a0\u00bb<\/p><p>Cette mani\u00e8re de jouer sa carri\u00e8re naissante de com\u00e9dienne comme une partie d&rsquo;\u00e9chec, en d\u00e9fiant l&rsquo;autorit\u00e9 et le pouvoir de s\u00e9duction de Victor Hugo, m&rsquo;est alors apparue comme la plus grande des audaces.<\/p><p>J&rsquo;avais trouv\u00e9 mon fil dramatique\u00a0: imaginer que cette convocation et ce billet n&rsquo;\u00e9tait qu&rsquo;une \u00e9tape d&rsquo;un sc\u00e9nario savamment orchestr\u00e9 par Sarah Bernhardt pour la mener sur le tr\u00f4ne d&rsquo;Espagne, bravant les nombreux obstacles qui pourraient sans doute \u00eatre fatals pour sa carri\u00e8re.<\/p><\/div><\/div>\t\t\t\t\t\t\t\t<\/div>\n\t\t\t\t<\/div>\n\t\t\t\t\t<\/div>\n\t\t<\/div>\n\t\t\t\t\t<\/div>\n\t\t<\/section>\n\t\t\t\t<\/div>\n\t\t","protected":false},"excerpt":{"rendered":"<p>\u00a0 Une pi\u00e8ce \u00e9crite par Isabelle Loisy \u00a0 Spectacle en cours de production INDOMPTABLE SARAH Le pitch\u00a0A 28 ans, l\u2019ambition de Sarah Bernhardt est de devenir la com\u00e9dienne la plus c\u00e9l\u00e8bre du monde.A la fin de l&rsquo;ann\u00e9e 1871, le th\u00e9\u00e2tre de l&rsquo;Od\u00e9on annonce la reprise de Ruy Blas, \u00e0 la faveur du retour d&rsquo;exil de &#8230; <a title=\"Indomptable Sarah\" class=\"read-more\" href=\"https:\/\/cestpassigrave.fr\/?page_id=815\">Read more<span class=\"screen-reader-text\">Indomptable Sarah<\/span><\/a><\/p>\n","protected":false},"author":1,"featured_media":0,"parent":0,"menu_order":0,"comment_status":"closed","ping_status":"closed","template":"","meta":{"ngg_post_thumbnail":0,"footnotes":""},"class_list":["post-815","page","type-page","status-publish"],"_links":{"self":[{"href":"https:\/\/cestpassigrave.fr\/index.php?rest_route=\/wp\/v2\/pages\/815","targetHints":{"allow":["GET"]}}],"collection":[{"href":"https:\/\/cestpassigrave.fr\/index.php?rest_route=\/wp\/v2\/pages"}],"about":[{"href":"https:\/\/cestpassigrave.fr\/index.php?rest_route=\/wp\/v2\/types\/page"}],"author":[{"embeddable":true,"href":"https:\/\/cestpassigrave.fr\/index.php?rest_route=\/wp\/v2\/users\/1"}],"replies":[{"embeddable":true,"href":"https:\/\/cestpassigrave.fr\/index.php?rest_route=%2Fwp%2Fv2%2Fcomments&post=815"}],"version-history":[{"count":7,"href":"https:\/\/cestpassigrave.fr\/index.php?rest_route=\/wp\/v2\/pages\/815\/revisions"}],"predecessor-version":[{"id":831,"href":"https:\/\/cestpassigrave.fr\/index.php?rest_route=\/wp\/v2\/pages\/815\/revisions\/831"}],"wp:attachment":[{"href":"https:\/\/cestpassigrave.fr\/index.php?rest_route=%2Fwp%2Fv2%2Fmedia&parent=815"}],"curies":[{"name":"wp","href":"https:\/\/api.w.org\/{rel}","templated":true}]}}